{"id":674,"date":"2018-05-03T16:21:37","date_gmt":"2018-05-03T14:21:37","guid":{"rendered":"https:\/\/www.neumarkt-egna.it\/impressum\/"},"modified":"2025-07-11T01:42:26","modified_gmt":"2025-07-10T23:42:26","slug":"colofone","status":"publish","type":"page","link":"https:\/\/www.neumarkt-egna.it\/it\/colofone\/","title":{"rendered":"Colofone"},"content":{"rendered":"<p>La sfida di Egna Marketing \u00e8 coordinare vari interessi, idee e desideri. L&#8217;obiettivo \u00e8 sviluppare e attuare attivamente strategie che rafforzino la struttura e l&#8217;identit\u00e0 economica locale. Uno sviluppo positivo del luogo ne migliora l&#8217;immagine e fa si che Egna continui ad essere un borgo economicamente dinamico oggi come in futuro.<\/p>\n<p>Testi: Team redazionale opuscolo informativo &#8220;Neumarkt Egna &#8211; storia arte cultura&#8221; + Neumarkt Egna Marketing.<br \/>\nFoto: Alberto Ceolan, Neumarkt Egna Marketing, Tourismusgenossenschaft S\u00fcdtirols S\u00fcden, Achim-Meurer. Organizzatori di manifestazioni ed associazioni.<\/p>\n<p class=\"\"><button  href=\"#consent-change\" id=\"rcb-sc-link-change\" data-success-message=\"\" class=\"rcb-sc-link rcb-sc-link-change \">Cambiare le impostazioni della privacy<\/button><br \/>\n<button  href=\"#consent-history\" id=\"rcb-sc-link-history\" data-success-message=\"\" class=\"rcb-sc-link rcb-sc-link-history \">Storia delle impostazioni della privacy<\/button><br \/>\n<button  href=\"#consent-revoke\" id=\"rcb-sc-link-revoke\" data-success-message=\"Hai revocato con successo il tuo consenso. La pagina verr\u00e0 ora ricaricata.\" class=\"rcb-sc-link rcb-sc-link-revoke \">Revocare i consensi<\/button><\/p>\n","protected":false},"excerpt":{"rendered":"<p>La sfida di Egna Marketing \u00e8 coordinare vari interessi, idee e desideri. L&#8217;obiettivo \u00e8 sviluppare e attuare attivamente strategie che rafforzino la struttura e l&#8217;identit\u00e0 economica locale. Uno sviluppo positivo [&hellip;]<\/p>\n","protected":false},"author":1,"featured_media":648,"parent":0,"menu_order":0,"comment_status":"closed","ping_status":"closed","template":"template-dsgvo-impressum.php","meta":{"_acf_changed":false,"footnotes":""},"acf":[],"jetpack_sharing_enabled":true,"jetpack_shortlink":"https:\/\/wp.me\/P9SXjT-aS","_links":{"self":[{"href":"https:\/\/www.neumarkt-egna.it\/it\/wp-json\/wp\/v2\/pages\/674"}],"collection":[{"href":"https:\/\/www.neumarkt-egna.it\/it\/wp-json\/wp\/v2\/pages"}],"about":[{"href":"https:\/\/www.neumarkt-egna.it\/it\/wp-json\/wp\/v2\/types\/page"}],"author":[{"embeddable":true,"href":"https:\/\/www.neumarkt-egna.it\/it\/wp-json\/wp\/v2\/users\/1"}],"replies":[{"embeddable":true,"href":"https:\/\/www.neumarkt-egna.it\/it\/wp-json\/wp\/v2\/comments?post=674"}],"version-history":[{"count":11,"href":"https:\/\/www.neumarkt-egna.it\/it\/wp-json\/wp\/v2\/pages\/674\/revisions"}],"predecessor-version":[{"id":6543,"href":"https:\/\/www.neumarkt-egna.it\/it\/wp-json\/wp\/v2\/pages\/674\/revisions\/6543"}],"wp:featuredmedia":[{"embeddable":true,"href":"https:\/\/www.neumarkt-egna.it\/it\/wp-json\/wp\/v2\/media\/648"}],"wp:attachment":[{"href":"https:\/\/www.neumarkt-egna.it\/it\/wp-json\/wp\/v2\/media?parent=674"}],"curies":[{"name":"wp","href":"https:\/\/api.w.org\/{rel}","templated":true}]}}